{"id":8,"date":"2021-11-02T15:22:04","date_gmt":"2021-11-02T15:22:04","guid":{"rendered":"http:\/\/diebewegung.org\/?page_id=8"},"modified":"2022-06-10T12:42:40","modified_gmt":"2022-06-10T12:42:40","slug":"home","status":"publish","type":"page","link":"https:\/\/diebewegung.org\/","title":{"rendered":"INTROTEXT"},"content":{"rendered":"\t\t<div data-elementor-type=\"wp-page\" data-elementor-id=\"8\" class=\"elementor elementor-8\">\n\t\t\t\t\t\t<section class=\"elementor-section elementor-top-section elementor-element elementor-element-f83d6de elementor-section-boxed elementor-section-height-default elementor-section-height-default\" data-id=\"f83d6de\" data-element_type=\"section\" data-e-type=\"section\">\n\t\t\t\t\t\t<div class=\"elementor-container elementor-column-gap-default\">\n\t\t\t\t\t<div class=\"elementor-column elementor-col-66 elementor-top-column elementor-element elementor-element-e74fcfc\" data-id=\"e74fcfc\" data-element_type=\"column\" data-e-type=\"column\">\n\t\t\t<div class=\"elementor-widget-wrap elementor-element-populated\">\n\t\t\t\t\t\t<div class=\"elementor-element elementor-element-aa889c0 elementor-widget elementor-widget-text-editor\" data-id=\"aa889c0\" data-element_type=\"widget\" data-e-type=\"widget\" data-widget_type=\"text-editor.default\">\n\t\t\t\t<div class=\"elementor-widget-container\">\n\t\t\t\t\t\t\t\t\t<p style=\"text-align: left;\">Der Weg f\u00fcr eine allumfassende Kontrolle jedes einzelnen Individuums ist bereits geebnet: Mit der Einf\u00fchrung und Erweiterung des Covid-Zertifikats.<span class=\"Apple-converted-space\">\u00a0<\/span><\/p><p style=\"text-align: left;\">Einige L\u00e4nder gehen sogar noch weiter und installieren bereits die ersten automatischen Scanner im \u00f6ffentlichen Raum.<span class=\"Apple-converted-space\">\u00a0<\/span><\/p><p style=\"text-align: left;\">Doch die Schweiz tickt gl\u00fccklicherweise (noch) anders \u2013 und das soll so bleiben!<span class=\"Apple-converted-space\">\u00a0<\/span><\/p><p style=\"text-align: left;\">Dank unseres politischen Systems hat das Volk das letzte Wort.<\/p><p style=\"text-align: left;\">So k\u00f6nnen wir am 28. November 2021 NEIN sagen zur totalen \u00dcberwachung von uns Menschen.<\/p>\t\t\t\t\t\t\t\t<\/div>\n\t\t\t\t<\/div>\n\t\t\t\t\t<\/div>\n\t\t<\/div>\n\t\t\t\t<div class=\"elementor-column elementor-col-33 elementor-top-column elementor-element elementor-element-f447e24\" data-id=\"f447e24\" data-element_type=\"column\" data-e-type=\"column\">\n\t\t\t<div class=\"elementor-widget-wrap elementor-element-populated\">\n\t\t\t\t\t\t<div class=\"elementor-element elementor-element-14a8818 elementor-invisible elementor-widget elementor-widget-image\" data-id=\"14a8818\" data-element_type=\"widget\" data-e-type=\"widget\" data-settings=\"{&quot;_animation&quot;:&quot;fadeInRight&quot;}\" data-widget_type=\"image.default\">\n\t\t\t\t<div class=\"elementor-widget-container\">\n\t\t\t\t\t\t\t\t\t\t\t\t\t\t\t<img fetchpriority=\"high\" decoding=\"async\" width=\"1024\" height=\"1024\" src=\"https:\/\/diebewegung.org\/wp-content\/uploads\/2021\/11\/introt-1024x1024.png\" class=\"attachment-large size-large wp-image-47\" alt=\"\" srcset=\"https:\/\/diebewegung.org\/wp-content\/uploads\/2021\/11\/introt-1024x1024.png 1024w, https:\/\/diebewegung.org\/wp-content\/uploads\/2021\/11\/introt-300x300.png 300w, https:\/\/diebewegung.org\/wp-content\/uploads\/2021\/11\/introt-150x150.png 150w, https:\/\/diebewegung.org\/wp-content\/uploads\/2021\/11\/introt-768x768.png 768w, https:\/\/diebewegung.org\/wp-content\/uploads\/2021\/11\/introt.png 1500w\" sizes=\"(max-width: 1024px) 100vw, 1024px\" \/>\t\t\t\t\t\t\t\t\t\t\t\t\t\t\t<\/div>\n\t\t\t\t<\/div>\n\t\t\t\t\t<\/div>\n\t\t<\/div>\n\t\t\t\t\t<\/div>\n\t\t<\/section>\n\t\t\t\t<\/div>\n\t\t","protected":false},"excerpt":{"rendered":"<p>Der Weg f\u00fcr eine allumfassende Kontrolle jedes einzelnen Individuums ist bereits geebnet: Mit der Einf\u00fchrung und Erweiterung des Covid-Zertifikats. Einige L\u00e4nder gehen sogar noch weiter und installieren bereits die ersten automatischen Scanner im \u00f6ffentlichen Raum. Doch die Schweiz tickt gl\u00fccklicherweise (noch) anders \u2013 und das soll so bleiben! Dank unseres politischen Systems hat das Volk&hellip;&nbsp;<a href=\"https:\/\/diebewegung.org\/\" rel=\"bookmark\">Leer m\u00e1s &raquo;<span class=\"screen-reader-text\">INTROTEXT<\/span><\/a><\/p>\n","protected":false},"author":1,"featured_media":0,"parent":0,"menu_order":0,"comment_status":"closed","ping_status":"closed","template":"","meta":{"_monsterinsights_skip_tracking":false,"_monsterinsights_sitenote_active":false,"_monsterinsights_sitenote_note":"","_monsterinsights_sitenote_category":0,"neve_meta_sidebar":"","neve_meta_container":"","neve_meta_enable_content_width":"on","neve_meta_content_width":100,"neve_meta_title_alignment":"","neve_meta_author_avatar":"","neve_post_elements_order":"","neve_meta_disable_header":"","neve_meta_disable_footer":"","neve_meta_disable_title":"","footnotes":""},"class_list":["post-8","page","type-page","status-publish","hentry"],"_links":{"self":[{"href":"https:\/\/diebewegung.org\/index.php\/wp-json\/wp\/v2\/pages\/8","targetHints":{"allow":["GET"]}}],"collection":[{"href":"https:\/\/diebewegung.org\/index.php\/wp-json\/wp\/v2\/pages"}],"about":[{"href":"https:\/\/diebewegung.org\/index.php\/wp-json\/wp\/v2\/types\/page"}],"author":[{"embeddable":true,"href":"https:\/\/diebewegung.org\/index.php\/wp-json\/wp\/v2\/users\/1"}],"replies":[{"embeddable":true,"href":"https:\/\/diebewegung.org\/index.php\/wp-json\/wp\/v2\/comments?post=8"}],"version-history":[{"count":32,"href":"https:\/\/diebewegung.org\/index.php\/wp-json\/wp\/v2\/pages\/8\/revisions"}],"predecessor-version":[{"id":278,"href":"https:\/\/diebewegung.org\/index.php\/wp-json\/wp\/v2\/pages\/8\/revisions\/278"}],"wp:attachment":[{"href":"https:\/\/diebewegung.org\/index.php\/wp-json\/wp\/v2\/media?parent=8"}],"curies":[{"name":"wp","href":"https:\/\/api.w.org\/{rel}","templated":true}]}}