{"id":136,"date":"2021-11-02T16:28:55","date_gmt":"2021-11-02T16:28:55","guid":{"rendered":"http:\/\/diebewegung.org\/?page_id=136"},"modified":"2022-06-10T12:43:02","modified_gmt":"2022-06-10T12:43:02","slug":"nous","status":"publish","type":"page","link":"https:\/\/diebewegung.org\/index.php\/fr\/nous\/","title":{"rendered":"NOUS"},"content":{"rendered":"\t\t<div data-elementor-type=\"wp-page\" data-elementor-id=\"136\" class=\"elementor elementor-136\">\n\t\t\t\t\t\t<section class=\"elementor-section elementor-top-section elementor-element elementor-element-fb90edb elementor-section-boxed elementor-section-height-default elementor-section-height-default\" data-id=\"fb90edb\" data-element_type=\"section\" data-e-type=\"section\">\n\t\t\t\t\t\t<div class=\"elementor-container elementor-column-gap-default\">\n\t\t\t\t\t<div class=\"elementor-column elementor-col-100 elementor-top-column elementor-element elementor-element-ecd6a66\" data-id=\"ecd6a66\" data-element_type=\"column\" data-e-type=\"column\">\n\t\t\t<div class=\"elementor-widget-wrap elementor-element-populated\">\n\t\t\t\t\t\t<div class=\"elementor-element elementor-element-13eadf0 elementor-invisible elementor-widget elementor-widget-image\" data-id=\"13eadf0\" data-element_type=\"widget\" data-e-type=\"widget\" data-settings=\"{&quot;_animation&quot;:&quot;zoomIn&quot;}\" data-widget_type=\"image.default\">\n\t\t\t\t<div class=\"elementor-widget-container\">\n\t\t\t\t\t\t\t\t\t\t\t\t\t\t\t<img fetchpriority=\"high\" decoding=\"async\" width=\"2000\" height=\"739\" src=\"https:\/\/diebewegung.org\/wp-content\/uploads\/2021\/11\/wir.png\" class=\"attachment-full size-full wp-image-53\" alt=\"\" srcset=\"https:\/\/diebewegung.org\/wp-content\/uploads\/2021\/11\/wir.png 2000w, https:\/\/diebewegung.org\/wp-content\/uploads\/2021\/11\/wir-300x111.png 300w, https:\/\/diebewegung.org\/wp-content\/uploads\/2021\/11\/wir-1024x378.png 1024w, https:\/\/diebewegung.org\/wp-content\/uploads\/2021\/11\/wir-768x284.png 768w, https:\/\/diebewegung.org\/wp-content\/uploads\/2021\/11\/wir-1536x568.png 1536w\" sizes=\"(max-width: 2000px) 100vw, 2000px\" \/>\t\t\t\t\t\t\t\t\t\t\t\t\t\t\t<\/div>\n\t\t\t\t<\/div>\n\t\t\t\t\t<\/div>\n\t\t<\/div>\n\t\t\t\t\t<\/div>\n\t\t<\/section>\n\t\t\t\t<section class=\"elementor-section elementor-top-section elementor-element elementor-element-1d84ef7 elementor-section-boxed elementor-section-height-default elementor-section-height-default\" data-id=\"1d84ef7\" data-element_type=\"section\" data-e-type=\"section\">\n\t\t\t\t\t\t<div class=\"elementor-container elementor-column-gap-default\">\n\t\t\t\t\t<div class=\"elementor-column elementor-col-100 elementor-top-column elementor-element elementor-element-5016d82\" data-id=\"5016d82\" data-element_type=\"column\" data-e-type=\"column\">\n\t\t\t<div class=\"elementor-widget-wrap elementor-element-populated\">\n\t\t\t\t\t\t<div class=\"elementor-element elementor-element-7120b1f elementor-widget elementor-widget-text-editor\" data-id=\"7120b1f\" data-element_type=\"widget\" data-e-type=\"widget\" data-widget_type=\"text-editor.default\">\n\t\t\t\t<div class=\"elementor-widget-container\">\n\t\t\t\t\t\t\t\t\t<p style=\"text-align: center;\">Nous sommes un groupe de personnes aux modes de vie et aux professions tr\u00e8s divers. Notre point commun\u00a0? L\u2019amour de la libert\u00e9. Notre message est simple\u00a0: nous refusons de devenir une soci\u00e9t\u00e9 collectiviste. Nous sommes fermement convaincus que la d\u00e9fense p\u00e9renne de nos libert\u00e9s ne peut se faire qu\u2019au prix d\u2019un \u00e9veil des consciences. C\u2019est pour cela que nous nous soulevons. C\u2019est pour cela que nous nous battons. Pour que seul un \u00ab\u00a0non\u00a0\u00bb triomphant soit envisageable dans les urnes le 28 novembre prochain.<span class=\"Apple-converted-space\">\u00a0<\/span><\/p><p style=\"text-align: center;\">Nous ne voulons pas d&#8217;une soci\u00e9t\u00e9 au mod\u00e8le descendant. Nous refusons ces m\u00e9thodes qui, sous couvert de \u00ab\u00a0protection\u00a0\u00bb, permettraient le contr\u00f4le et la mon\u00e9tisation de nos donn\u00e9es les plus intimes. Nous pr\u00f4nons la coexistence pluraliste qui \u00e9chappe au contr\u00f4le total de l&#8217;\u00c9tat, mais aussi \u00e0 la mainmise d\u2019entreprises priv\u00e9es.<span class=\"Apple-converted-space\">\u00a0<\/span><\/p><p style=\"text-align: center;\">Nous pr\u00eachons pour la responsabilisation des individus, la culture du d\u00e9bat et une gestion raisonnable de la sant\u00e9 qui inclut tous les avis d&#8217;experts et n&#8217;exclut personne.<span class=\"Apple-converted-space\">\u00a0 \u00a0<\/span><\/p>\t\t\t\t\t\t\t\t<\/div>\n\t\t\t\t<\/div>\n\t\t\t\t\t<\/div>\n\t\t<\/div>\n\t\t\t\t\t<\/div>\n\t\t<\/section>\n\t\t\t\t<\/div>\n\t\t","protected":false},"excerpt":{"rendered":"<p>Nous sommes un groupe de personnes aux modes de vie et aux professions tr\u00e8s divers. Notre point commun\u00a0? L\u2019amour de la libert\u00e9. Notre message est simple\u00a0: nous refusons de devenir une soci\u00e9t\u00e9 collectiviste. Nous sommes fermement convaincus que la d\u00e9fense p\u00e9renne de nos libert\u00e9s ne peut se faire qu\u2019au prix d\u2019un \u00e9veil des consciences. C\u2019est&hellip;&nbsp;<a href=\"https:\/\/diebewegung.org\/index.php\/fr\/nous\/\" rel=\"bookmark\">Leer m\u00e1s &raquo;<span class=\"screen-reader-text\">NOUS<\/span><\/a><\/p>\n","protected":false},"author":1,"featured_media":0,"parent":0,"menu_order":0,"comment_status":"closed","ping_status":"closed","template":"","meta":{"_monsterinsights_skip_tracking":false,"_monsterinsights_sitenote_active":false,"_monsterinsights_sitenote_note":"","_monsterinsights_sitenote_category":0,"neve_meta_sidebar":"","neve_meta_container":"","neve_meta_enable_content_width":"on","neve_meta_content_width":100,"neve_meta_title_alignment":"","neve_meta_author_avatar":"","neve_post_elements_order":"","neve_meta_disable_header":"","neve_meta_disable_footer":"","neve_meta_disable_title":"","footnotes":""},"class_list":["post-136","page","type-page","status-publish","hentry"],"_links":{"self":[{"href":"https:\/\/diebewegung.org\/index.php\/wp-json\/wp\/v2\/pages\/136","targetHints":{"allow":["GET"]}}],"collection":[{"href":"https:\/\/diebewegung.org\/index.php\/wp-json\/wp\/v2\/pages"}],"about":[{"href":"https:\/\/diebewegung.org\/index.php\/wp-json\/wp\/v2\/types\/page"}],"author":[{"embeddable":true,"href":"https:\/\/diebewegung.org\/index.php\/wp-json\/wp\/v2\/users\/1"}],"replies":[{"embeddable":true,"href":"https:\/\/diebewegung.org\/index.php\/wp-json\/wp\/v2\/comments?post=136"}],"version-history":[{"count":6,"href":"https:\/\/diebewegung.org\/index.php\/wp-json\/wp\/v2\/pages\/136\/revisions"}],"predecessor-version":[{"id":184,"href":"https:\/\/diebewegung.org\/index.php\/wp-json\/wp\/v2\/pages\/136\/revisions\/184"}],"wp:attachment":[{"href":"https:\/\/diebewegung.org\/index.php\/wp-json\/wp\/v2\/media?parent=136"}],"curies":[{"name":"wp","href":"https:\/\/api.w.org\/{rel}","templated":true}]}}