{"id":11,"date":"2021-11-02T15:22:05","date_gmt":"2021-11-02T15:22:05","guid":{"rendered":"http:\/\/diebewegung.org\/?page_id=11"},"modified":"2022-06-10T12:41:47","modified_gmt":"2022-06-10T12:41:47","slug":"portofolio","status":"publish","type":"page","link":"https:\/\/diebewegung.org\/index.php\/portofolio\/","title":{"rendered":"ARGUMENTE"},"content":{"rendered":"\t\t<div data-elementor-type=\"wp-page\" data-elementor-id=\"11\" class=\"elementor elementor-11\">\n\t\t\t\t\t\t<section class=\"elementor-section elementor-top-section elementor-element elementor-element-59aa9e6 elementor-section-boxed elementor-section-height-default elementor-section-height-default\" data-id=\"59aa9e6\" data-element_type=\"section\" data-e-type=\"section\">\n\t\t\t\t\t\t<div class=\"elementor-container elementor-column-gap-default\">\n\t\t\t\t\t<div class=\"elementor-column elementor-col-50 elementor-top-column elementor-element elementor-element-dc3f40b\" data-id=\"dc3f40b\" data-element_type=\"column\" data-e-type=\"column\">\n\t\t\t<div class=\"elementor-widget-wrap elementor-element-populated\">\n\t\t\t\t\t\t<div class=\"elementor-element elementor-element-7fe6e8c elementor-invisible elementor-widget elementor-widget-image\" data-id=\"7fe6e8c\" data-element_type=\"widget\" data-e-type=\"widget\" data-settings=\"{&quot;_animation&quot;:&quot;fadeInLeft&quot;}\" data-widget_type=\"image.default\">\n\t\t\t\t<div class=\"elementor-widget-container\">\n\t\t\t\t\t\t\t\t\t\t\t\t\t\t\t<img fetchpriority=\"high\" decoding=\"async\" width=\"1024\" height=\"1024\" src=\"https:\/\/diebewegung.org\/wp-content\/uploads\/2021\/11\/argumente-1024x1024.png\" class=\"attachment-large size-large wp-image-46\" alt=\"\" srcset=\"https:\/\/diebewegung.org\/wp-content\/uploads\/2021\/11\/argumente-1024x1024.png 1024w, https:\/\/diebewegung.org\/wp-content\/uploads\/2021\/11\/argumente-300x300.png 300w, https:\/\/diebewegung.org\/wp-content\/uploads\/2021\/11\/argumente-150x150.png 150w, https:\/\/diebewegung.org\/wp-content\/uploads\/2021\/11\/argumente-768x768.png 768w, https:\/\/diebewegung.org\/wp-content\/uploads\/2021\/11\/argumente-1536x1536.png 1536w, https:\/\/diebewegung.org\/wp-content\/uploads\/2021\/11\/argumente.png 2000w\" sizes=\"(max-width: 1024px) 100vw, 1024px\" \/>\t\t\t\t\t\t\t\t\t\t\t\t\t\t\t<\/div>\n\t\t\t\t<\/div>\n\t\t\t\t\t<\/div>\n\t\t<\/div>\n\t\t\t\t<div class=\"elementor-column elementor-col-50 elementor-top-column elementor-element elementor-element-11e7252\" data-id=\"11e7252\" data-element_type=\"column\" data-e-type=\"column\">\n\t\t\t<div class=\"elementor-widget-wrap elementor-element-populated\">\n\t\t\t\t\t\t<div class=\"elementor-element elementor-element-716bc31 elementor-widget elementor-widget-text-editor\" data-id=\"716bc31\" data-element_type=\"widget\" data-e-type=\"widget\" data-widget_type=\"text-editor.default\">\n\t\t\t\t<div class=\"elementor-widget-container\">\n\t\t\t\t\t\t\t\t\t<p style=\"text-align: left;\">Der Covid-pass ist die erste Stufe zur vollumf\u00e4nglichen digitalen Identit\u00e4t, die \u00dcberwachung und Steuerung von Menschen auf praktisch allen Ebenen m\u00f6glich macht. Diese wird durch die Hintert\u00fcre mit der Vorgabe einer Gesundheitsprophylaxe eingef\u00fchren.<span class=\"Apple-converted-space\">\u00a0<\/span><\/p><p style=\"text-align: left;\">Wenn wir dieses Tor aufmachen, wird es nicht beim Thema Gesundheit bleiben.<span class=\"Apple-converted-space\">\u00a0<\/span><\/p><p style=\"text-align: left;\">Und das private und intime Leben eines jeden Einzelnen von uns kann dann allumfassend kontrolliert werden.<span class=\"Apple-converted-space\">\u00a0<\/span><\/p>\t\t\t\t\t\t\t\t<\/div>\n\t\t\t\t<\/div>\n\t\t\t\t\t<\/div>\n\t\t<\/div>\n\t\t\t\t\t<\/div>\n\t\t<\/section>\n\t\t\t\t<\/div>\n\t\t","protected":false},"excerpt":{"rendered":"<p>Der Covid-pass ist die erste Stufe zur vollumf\u00e4nglichen digitalen Identit\u00e4t, die \u00dcberwachung und Steuerung von Menschen auf praktisch allen Ebenen m\u00f6glich macht. Diese wird durch die Hintert\u00fcre mit der Vorgabe einer Gesundheitsprophylaxe eingef\u00fchren. Wenn wir dieses Tor aufmachen, wird es nicht beim Thema Gesundheit bleiben. Und das private und intime Leben eines jeden Einzelnen von&hellip;&nbsp;<a href=\"https:\/\/diebewegung.org\/index.php\/portofolio\/\" rel=\"bookmark\">Leer m\u00e1s &raquo;<span class=\"screen-reader-text\">ARGUMENTE<\/span><\/a><\/p>\n","protected":false},"author":1,"featured_media":0,"parent":0,"menu_order":0,"comment_status":"closed","ping_status":"closed","template":"","meta":{"_monsterinsights_skip_tracking":false,"_monsterinsights_sitenote_active":false,"_monsterinsights_sitenote_note":"","_monsterinsights_sitenote_category":0,"neve_meta_sidebar":"","neve_meta_container":"","neve_meta_enable_content_width":"on","neve_meta_content_width":100,"neve_meta_title_alignment":"","neve_meta_author_avatar":"","neve_post_elements_order":"","neve_meta_disable_header":"","neve_meta_disable_footer":"","neve_meta_disable_title":"","footnotes":""},"class_list":["post-11","page","type-page","status-publish","hentry"],"_links":{"self":[{"href":"https:\/\/diebewegung.org\/index.php\/wp-json\/wp\/v2\/pages\/11","targetHints":{"allow":["GET"]}}],"collection":[{"href":"https:\/\/diebewegung.org\/index.php\/wp-json\/wp\/v2\/pages"}],"about":[{"href":"https:\/\/diebewegung.org\/index.php\/wp-json\/wp\/v2\/types\/page"}],"author":[{"embeddable":true,"href":"https:\/\/diebewegung.org\/index.php\/wp-json\/wp\/v2\/users\/1"}],"replies":[{"embeddable":true,"href":"https:\/\/diebewegung.org\/index.php\/wp-json\/wp\/v2\/comments?post=11"}],"version-history":[{"count":6,"href":"https:\/\/diebewegung.org\/index.php\/wp-json\/wp\/v2\/pages\/11\/revisions"}],"predecessor-version":[{"id":98,"href":"https:\/\/diebewegung.org\/index.php\/wp-json\/wp\/v2\/pages\/11\/revisions\/98"}],"wp:attachment":[{"href":"https:\/\/diebewegung.org\/index.php\/wp-json\/wp\/v2\/media?parent=11"}],"curies":[{"name":"wp","href":"https:\/\/api.w.org\/{rel}","templated":true}]}}